{"id":7230,"date":"2024-06-08T11:50:17","date_gmt":"2024-06-08T11:50:17","guid":{"rendered":"https:\/\/manuscriptdoctor.com\/?page_id=7230"},"modified":"2024-06-08T11:51:18","modified_gmt":"2024-06-08T11:51:18","slug":"uyelikten-ayrilma","status":"publish","type":"page","link":"https:\/\/manuscriptdoctor.com\/tr\/uyelikten-ayrilma\/","title":{"rendered":"\u00dcyelikten Ayr\u0131lma"},"content":{"rendered":"<div class=\"fusion-fullwidth fullwidth-box fusion-builder-row-1 fusion-flex-container has-pattern-background has-mask-background nonhundred-percent-fullwidth non-hundred-percent-height-scrolling\" style=\"--awb-border-radius-top-left:0px;--awb-border-radius-top-right:0px;--awb-border-radius-bottom-right:0px;--awb-border-radius-bottom-left:0px;--awb-flex-wrap:wrap;\" ><div class=\"fusion-builder-row fusion-row fusion-flex-align-items-flex-start fusion-flex-justify-content-space-evenly fusion-flex-content-wrap\" style=\"max-width:1216.8px;margin-left: calc(-4% \/ 2 );margin-right: calc(-4% \/ 2 );\"><div class=\"fusion-layout-column fusion_builder_column fusion-builder-column-0 fusion_builder_column_1_3 1_3 fusion-flex-column\" style=\"--awb-bg-size:cover;--awb-width-large:33.333333333333%;--awb-margin-top-large:0px;--awb-spacing-right-large:5.76%;--awb-margin-bottom-large:20px;--awb-spacing-left-large:5.76%;--awb-width-medium:100%;--awb-order-medium:0;--awb-spacing-right-medium:1.92%;--awb-spacing-left-medium:1.92%;--awb-width-small:100%;--awb-order-small:0;--awb-spacing-right-small:1.92%;--awb-spacing-left-small:1.92%;\"><div class=\"fusion-column-wrapper fusion-column-has-shadow fusion-flex-justify-content-flex-start fusion-content-layout-column\"><div class=\"fusion-text fusion-text-1\"><p style=\"color: var(--awb-color6);\"><span style=\"color: var(--awb-custom_color_2);\">E-mail adresinizi a\u015fa\u011f\u0131ya girerek ve &#8216;\u00dcyelikten Ayr\u0131l&#8217; <\/span><span style=\"color: var(--awb-custom_color_2);\">butonunu t\u0131klayarak e-mail listemizden ayr\u0131labilirsini<\/span><span style=\"color: var(--awb-custom_color_2);\">z<\/span><\/p>\n<\/div><div class=\"fusion-text fusion-text-2\"><p class=\"wpcf7-contact-form-not-found\"><strong>Hata:<\/strong> \u0130leti\u015fim formu bulunamad\u0131.<\/p>\n<\/div><\/div><\/div><\/div><\/div>\n","protected":false},"excerpt":{"rendered":"","protected":false},"author":1,"featured_media":0,"parent":0,"menu_order":0,"comment_status":"closed","ping_status":"closed","template":"","meta":{"nf_dc_page":"","_monsterinsights_skip_tracking":false,"_monsterinsights_sitenote_active":false,"_monsterinsights_sitenote_note":"","_monsterinsights_sitenote_category":0,"footnotes":""},"class_list":["post-7230","page","type-page","status-publish","hentry"],"yoast_head":"<!-- This site is optimized with the Yoast SEO plugin v27.4 - https:\/\/yoast.com\/product\/yoast-seo-wordpress\/ -->\n<title>\u00dcyelikten Ayr\u0131lma - ManuscriptDoctor<\/title>\n<meta name=\"robots\" content=\"index, follow, max-snippet:-1, max-image-preview:large, max-video-preview:-1\" \/>\n<link rel=\"canonical\" href=\"https:\/\/manuscriptdoctor.com\/tr\/uyelikten-ayrilma\/\" \/>\n<meta property=\"og:locale\" content=\"tr_TR\" \/>\n<meta property=\"og:type\" content=\"article\" \/>\n<meta property=\"og:title\" content=\"\u00dcyelikten Ayr\u0131lma - ManuscriptDoctor\" \/>\n<meta property=\"og:url\" content=\"https:\/\/manuscriptdoctor.com\/tr\/uyelikten-ayrilma\/\" \/>\n<meta property=\"og:site_name\" content=\"ManuscriptDoctor\" \/>\n<meta property=\"article:publisher\" content=\"https:\/\/www.facebook.com\/ManuscriptDoctor\" \/>\n<meta property=\"article:modified_time\" content=\"2024-06-08T11:51:18+00:00\" \/>\n<meta name=\"twitter:card\" content=\"summary_large_image\" \/>\n<meta name=\"twitter:label1\" content=\"Tahmini okuma s\u00fcresi\" \/>\n\t<meta name=\"twitter:data1\" content=\"1 dakika\" \/>\n<script type=\"application\/ld+json\" class=\"yoast-schema-graph\">{\"@context\":\"https:\\\/\\\/schema.org\",\"@graph\":[{\"@type\":\"WebPage\",\"@id\":\"https:\\\/\\\/manuscriptdoctor.com\\\/tr\\\/uyelikten-ayrilma\\\/\",\"url\":\"https:\\\/\\\/manuscriptdoctor.com\\\/tr\\\/uyelikten-ayrilma\\\/\",\"name\":\"\u00dcyelikten Ayr\u0131lma - ManuscriptDoctor\",\"isPartOf\":{\"@id\":\"https:\\\/\\\/manuscriptdoctor.com\\\/tr\\\/#website\"},\"datePublished\":\"2024-06-08T11:50:17+00:00\",\"dateModified\":\"2024-06-08T11:51:18+00:00\",\"breadcrumb\":{\"@id\":\"https:\\\/\\\/manuscriptdoctor.com\\\/tr\\\/uyelikten-ayrilma\\\/#breadcrumb\"},\"inLanguage\":\"tr\",\"potentialAction\":[{\"@type\":\"ReadAction\",\"target\":[\"https:\\\/\\\/manuscriptdoctor.com\\\/tr\\\/uyelikten-ayrilma\\\/\"]}]},{\"@type\":\"BreadcrumbList\",\"@id\":\"https:\\\/\\\/manuscriptdoctor.com\\\/tr\\\/uyelikten-ayrilma\\\/#breadcrumb\",\"itemListElement\":[{\"@type\":\"ListItem\",\"position\":1,\"name\":\"Home\",\"item\":\"https:\\\/\\\/manuscriptdoctor.com\\\/tr\\\/ana-sayfa\\\/\"},{\"@type\":\"ListItem\",\"position\":2,\"name\":\"\u00dcyelikten Ayr\u0131lma\"}]},{\"@type\":\"WebSite\",\"@id\":\"https:\\\/\\\/manuscriptdoctor.com\\\/tr\\\/#website\",\"url\":\"https:\\\/\\\/manuscriptdoctor.com\\\/tr\\\/\",\"name\":\"ManuscriptDoctor\",\"description\":\"Manuscript preparation made easy\",\"publisher\":{\"@id\":\"https:\\\/\\\/manuscriptdoctor.com\\\/tr\\\/#organization\"},\"potentialAction\":[{\"@type\":\"SearchAction\",\"target\":{\"@type\":\"EntryPoint\",\"urlTemplate\":\"https:\\\/\\\/manuscriptdoctor.com\\\/tr\\\/?s={search_term_string}\"},\"query-input\":{\"@type\":\"PropertyValueSpecification\",\"valueRequired\":true,\"valueName\":\"search_term_string\"}}],\"inLanguage\":\"tr\"},{\"@type\":\"Organization\",\"@id\":\"https:\\\/\\\/manuscriptdoctor.com\\\/tr\\\/#organization\",\"name\":\"ManuscriptDoctor\",\"url\":\"https:\\\/\\\/manuscriptdoctor.com\\\/tr\\\/\",\"logo\":{\"@type\":\"ImageObject\",\"inLanguage\":\"tr\",\"@id\":\"https:\\\/\\\/manuscriptdoctor.com\\\/tr\\\/#\\\/schema\\\/logo\\\/image\\\/\",\"url\":\"https:\\\/\\\/i2.wp.com\\\/manuscriptdoctor.com\\\/wp-content\\\/uploads\\\/2018\\\/01\\\/LOGO-6-e1517100418219.png?fit=300%2C69&ssl=1\",\"contentUrl\":\"https:\\\/\\\/i2.wp.com\\\/manuscriptdoctor.com\\\/wp-content\\\/uploads\\\/2018\\\/01\\\/LOGO-6-e1517100418219.png?fit=300%2C69&ssl=1\",\"width\":300,\"height\":69,\"caption\":\"ManuscriptDoctor\"},\"image\":{\"@id\":\"https:\\\/\\\/manuscriptdoctor.com\\\/tr\\\/#\\\/schema\\\/logo\\\/image\\\/\"},\"sameAs\":[\"https:\\\/\\\/www.facebook.com\\\/ManuscriptDoctor\"]}]}<\/script>\n<!-- \/ Yoast SEO plugin. -->","yoast_head_json":{"title":"\u00dcyelikten Ayr\u0131lma - ManuscriptDoctor","robots":{"index":"index","follow":"follow","max-snippet":"max-snippet:-1","max-image-preview":"max-image-preview:large","max-video-preview":"max-video-preview:-1"},"canonical":"https:\/\/manuscriptdoctor.com\/tr\/uyelikten-ayrilma\/","og_locale":"tr_TR","og_type":"article","og_title":"\u00dcyelikten Ayr\u0131lma - ManuscriptDoctor","og_url":"https:\/\/manuscriptdoctor.com\/tr\/uyelikten-ayrilma\/","og_site_name":"ManuscriptDoctor","article_publisher":"https:\/\/www.facebook.com\/ManuscriptDoctor","article_modified_time":"2024-06-08T11:51:18+00:00","twitter_card":"summary_large_image","twitter_misc":{"Tahmini okuma s\u00fcresi":"1 dakika"},"schema":{"@context":"https:\/\/schema.org","@graph":[{"@type":"WebPage","@id":"https:\/\/manuscriptdoctor.com\/tr\/uyelikten-ayrilma\/","url":"https:\/\/manuscriptdoctor.com\/tr\/uyelikten-ayrilma\/","name":"\u00dcyelikten Ayr\u0131lma - ManuscriptDoctor","isPartOf":{"@id":"https:\/\/manuscriptdoctor.com\/tr\/#website"},"datePublished":"2024-06-08T11:50:17+00:00","dateModified":"2024-06-08T11:51:18+00:00","breadcrumb":{"@id":"https:\/\/manuscriptdoctor.com\/tr\/uyelikten-ayrilma\/#breadcrumb"},"inLanguage":"tr","potentialAction":[{"@type":"ReadAction","target":["https:\/\/manuscriptdoctor.com\/tr\/uyelikten-ayrilma\/"]}]},{"@type":"BreadcrumbList","@id":"https:\/\/manuscriptdoctor.com\/tr\/uyelikten-ayrilma\/#breadcrumb","itemListElement":[{"@type":"ListItem","position":1,"name":"Home","item":"https:\/\/manuscriptdoctor.com\/tr\/ana-sayfa\/"},{"@type":"ListItem","position":2,"name":"\u00dcyelikten Ayr\u0131lma"}]},{"@type":"WebSite","@id":"https:\/\/manuscriptdoctor.com\/tr\/#website","url":"https:\/\/manuscriptdoctor.com\/tr\/","name":"ManuscriptDoctor","description":"Manuscript preparation made easy","publisher":{"@id":"https:\/\/manuscriptdoctor.com\/tr\/#organization"},"potentialAction":[{"@type":"SearchAction","target":{"@type":"EntryPoint","urlTemplate":"https:\/\/manuscriptdoctor.com\/tr\/?s={search_term_string}"},"query-input":{"@type":"PropertyValueSpecification","valueRequired":true,"valueName":"search_term_string"}}],"inLanguage":"tr"},{"@type":"Organization","@id":"https:\/\/manuscriptdoctor.com\/tr\/#organization","name":"ManuscriptDoctor","url":"https:\/\/manuscriptdoctor.com\/tr\/","logo":{"@type":"ImageObject","inLanguage":"tr","@id":"https:\/\/manuscriptdoctor.com\/tr\/#\/schema\/logo\/image\/","url":"https:\/\/i2.wp.com\/manuscriptdoctor.com\/wp-content\/uploads\/2018\/01\/LOGO-6-e1517100418219.png?fit=300%2C69&ssl=1","contentUrl":"https:\/\/i2.wp.com\/manuscriptdoctor.com\/wp-content\/uploads\/2018\/01\/LOGO-6-e1517100418219.png?fit=300%2C69&ssl=1","width":300,"height":69,"caption":"ManuscriptDoctor"},"image":{"@id":"https:\/\/manuscriptdoctor.com\/tr\/#\/schema\/logo\/image\/"},"sameAs":["https:\/\/www.facebook.com\/ManuscriptDoctor"]}]}},"_links":{"self":[{"href":"https:\/\/manuscriptdoctor.com\/tr\/wp-json\/wp\/v2\/pages\/7230","targetHints":{"allow":["GET"]}}],"collection":[{"href":"https:\/\/manuscriptdoctor.com\/tr\/wp-json\/wp\/v2\/pages"}],"about":[{"href":"https:\/\/manuscriptdoctor.com\/tr\/wp-json\/wp\/v2\/types\/page"}],"author":[{"embeddable":true,"href":"https:\/\/manuscriptdoctor.com\/tr\/wp-json\/wp\/v2\/users\/1"}],"replies":[{"embeddable":true,"href":"https:\/\/manuscriptdoctor.com\/tr\/wp-json\/wp\/v2\/comments?post=7230"}],"version-history":[{"count":5,"href":"https:\/\/manuscriptdoctor.com\/tr\/wp-json\/wp\/v2\/pages\/7230\/revisions"}],"predecessor-version":[{"id":7236,"href":"https:\/\/manuscriptdoctor.com\/tr\/wp-json\/wp\/v2\/pages\/7230\/revisions\/7236"}],"wp:attachment":[{"href":"https:\/\/manuscriptdoctor.com\/tr\/wp-json\/wp\/v2\/media?parent=7230"}],"curies":[{"name":"wp","href":"https:\/\/api.w.org\/{rel}","templated":true}]}}